{"id":37596,"date":"2016-09-12T16:20:22","date_gmt":"2016-09-12T14:20:22","guid":{"rendered":"https:\/\/radiosphere.de\/imprint\/"},"modified":"2026-01-12T16:21:00","modified_gmt":"2026-01-12T15:21:00","slug":"imprint","status":"publish","type":"page","link":"https:\/\/radiosphere.de\/en\/imprint\/","title":{"rendered":"Imprint"},"content":{"rendered":"<p>[et_pb_section fb_built=&#8221;1&#8243; admin_label=&#8221;section&#8221; _builder_version=&#8221;4.16&#8243; custom_padding=&#8221;57.6px|0px|57px|0px|false|false&#8221; global_colors_info=&#8221;{}&#8221;][et_pb_row column_structure=&#8221;1_2,1_2&#8243; admin_label=&#8221;row&#8221; _builder_version=&#8221;4.16&#8243; background_size=&#8221;initial&#8221; background_position=&#8221;top_left&#8221; background_repeat=&#8221;repeat&#8221; global_colors_info=&#8221;{}&#8221;][et_pb_column type=&#8221;1_2&#8243; _builder_version=&#8221;4.16&#8243; custom_padding=&#8221;|||&#8221; global_colors_info=&#8221;{}&#8221; custom_padding__hover=&#8221;|||&#8221;][et_pb_text admin_label=&#8221;Betreiber&#8221; _builder_version=&#8221;4.16&#8243; background_size=&#8221;initial&#8221; background_position=&#8221;top_left&#8221; background_repeat=&#8221;repeat&#8221; use_border_color=&#8221;off&#8221; border_color=&#8221;#ffffff&#8221; border_style=&#8221;solid&#8221; global_colors_info=&#8221;{}&#8221;]<\/p>\n<h1>Provider information<\/h1>\n<p><strong>RADiOSPHERE GmbH<\/strong><br \/>\nEisenbahnstra\u00dfe 59<br \/>\n73265 Dettingen unter Teck<br \/>\nGermany<br \/>\n[\/et_pb_text][et_pb_text admin_label=&#8221;Rechtliche Angaben&#8221; _builder_version=&#8221;4.27.5&#8243; background_size=&#8221;initial&#8221; background_position=&#8221;top_left&#8221; background_repeat=&#8221;repeat&#8221; use_border_color=&#8221;off&#8221; border_color=&#8221;#ffffff&#8221; border_style=&#8221;solid&#8221; global_colors_info=&#8221;{}&#8221;]<\/p>\n<h4>Legal information<\/h4>\n<p>Managing Director: Dipl. Wirt.-Ing. Susanne K\u00f6hler<br \/>\nUSt.ID.nr. according to \u00a7 27a Umsatzsteuergesetz: DE285686454<br \/>\nRegister court: Stuttgart Local Court Register number: HRB 742788<br \/>\nInternational Company Register: DUNS 342725903<br \/>\nLegal Entity Identifier (LEI): 391200RP3HYRCTPINW80<br \/>\nResponsible for content according to TMG:<br \/>\nSusanne K\u00f6hler<a href=\"mailto:info@RADIOSPHERE.DE\">(info@RADIOSPHERE.DE)<\/a>[\/et_pb_text][\/et_pb_column][et_pb_column type=&#8221;1_2&#8243; _builder_version=&#8221;4.16&#8243; custom_padding=&#8221;|||&#8221; global_colors_info=&#8221;{}&#8221; custom_padding__hover=&#8221;|||&#8221;][et_pb_image src=&#8221;https:\/\/radiosphere.de\/wp-content\/uploads\/2020\/03\/Radiosphere_Logo_2C_petrol.png&#8221; align_tablet=&#8221;center&#8221; align_phone=&#8221;&#8221; align_last_edited=&#8221;on|desktop&#8221; admin_label=&#8221;RADIOSPHERE Logo&#8221; _builder_version=&#8221;4.16&#8243; use_border_color=&#8221;off&#8221; border_color=&#8221;#ffffff&#8221; border_style=&#8221;solid&#8221; animation=&#8221;off&#8221; sticky=&#8221;off&#8221; global_colors_info=&#8221;{}&#8221;]&nbsp;<br \/>\n[\/et_pb_image][et_pb_text _builder_version=&#8221;4.16&#8243; background_size=&#8221;initial&#8221; background_position=&#8221;top_left&#8221; background_repeat=&#8221;repeat&#8221; use_border_color=&#8221;off&#8221; border_color=&#8221;#ffffff&#8221; border_style=&#8221;solid&#8221; global_colors_info=&#8221;{}&#8221;]<\/p>\n<h4>Contact details<\/h4>\n<p>Fon: +49 7021 99890-10<br \/>\nFax: +49 7021 99890-11<br \/>\nWebsite:  <a href=\"http:\/\/radiosphere.de\/\">RADiOSPHERE.DE<br \/>\n<\/a>E-mail: <a href=\"mailto:kontakt@RADiOSPHERE.DE\">kontakt@RADiOSPHERE.DE<br \/>\n<\/a><br \/>\n[\/et_pb_text][\/et_pb_column][\/et_pb_row][et_pb_row _builder_version=&#8221;4.16&#8243; background_size=&#8221;initial&#8221; background_position=&#8221;top_left&#8221; background_repeat=&#8221;repeat&#8221; global_colors_info=&#8221;{}&#8221;][et_pb_column type=&#8221;4_4&#8243; _builder_version=&#8221;4.16&#8243; custom_padding=&#8221;|||&#8221; global_colors_info=&#8221;{}&#8221; custom_padding__hover=&#8221;|||&#8221;][et_pb_divider color=&#8221;rgba(0,0,0,0.5)&#8221; disabled_on=&#8221;on|on|off&#8221; _builder_version=&#8221;4.16&#8243; height=&#8221;2px&#8221; hide_on_mobile=&#8221;on&#8221; global_colors_info=&#8221;{}&#8221;]&nbsp;<br \/>\n[\/et_pb_divider][et_pb_text _builder_version=&#8221;4.27.5&#8243; background_size=&#8221;initial&#8221; background_position=&#8221;top_left&#8221; background_repeat=&#8221;repeat&#8221; use_border_color=&#8221;off&#8221; global_colors_info=&#8221;{}&#8221;]<\/p>\n<h3>Image sources and rights<\/h3>\n<p>Image copyright: <a href=\"https:\/\/creativecommons.org\/publicdomain\/zero\/1.0\/\">Creative Commons Public Domain CC0<\/a>. Our special thanks to photographers <a href=\"https:\/\/unsplash.com\/@hoops1972\" target=\"_blank\" rel=\"noopener noreferrer\">Glen Hooper<\/a>, <a href=\"https:\/\/unsplash.com\/@bryanmillarwalker\" target=\"_blank\" rel=\"noopener noreferrer\">Bryan Walker<\/a>, <a href=\"https:\/\/unsplash.com\/@veverkolog\" target=\"_blank\" rel=\"noopener noreferrer\">Dusan Smetana<\/a>, <a href=\"https:\/\/unsplash.com\/@seanstratton\" target=\"_blank\" rel=\"noopener noreferrer\">Sean Stratton<\/a>, <a href=\"https:\/\/unsplash.com\/@samscrim\" target=\"_blank\" rel=\"noopener noreferrer\">Samuel Scrimshaw<\/a>, <a href=\"https:\/\/unsplash.com\/@punttim\" target=\"_blank\" rel=\"noopener noreferrer\">Tim Gouw<\/a>, <a href=\"https:\/\/unsplash.com\/@spacex\" target=\"_blank\" rel=\"noopener noreferrer\">SpaceX<\/a>, <a href=\"https:\/\/unsplash.com\/@jacekwk\" target=\"_blank\" rel=\"noopener noreferrer\">Jack Kaminski<\/a>, <a href=\"https:\/\/unsplash.com\/@paulgilmore_\" target=\"_blank\" rel=\"noopener noreferrer\">Paul Gilmore<\/a>, <a href=\"https:\/\/unsplash.com\/@heytowner\" target=\"_blank\" rel=\"noopener noreferrer\">John Towner<\/a>, <a href=\"https:\/\/unsplash.com\/@patrykgradyscom\" target=\"_blank\" rel=\"noopener noreferrer\">Patryk Gr\u0105dys<\/a>, <a href=\"https:\/\/unsplash.com\/@peterng1618\" target=\"_blank\" rel=\"noopener noreferrer\">Peter Nguyen,<\/a> <a href=\"https:\/\/unsplash.com\/@zmachacek\" target=\"_blank\" rel=\"noopener\">Zden\u011bk Mach\u00e1\u010dek<\/a>.<\/p>\n<p><strong>Talkwalker<\/strong> is a registered trademark of Trendiction \/ Luxembourg. <strong>RADiOSPHERE<\/strong>, <strong>RS Clipper<\/strong>,  <strong>RS LYNX, RS-Link, RS-Injector. RS-Archiver<\/strong>  are registered trademarks of the company RADiOSPHERE GmbH \/ Dettingen. <strong>SAGA<\/strong> is a registered trademark of Munit.io Blegdamsvej 6 2200 Copenhagen Denmark. <strong>ONYX<\/strong> is a registered trademark of Fivecast ADELAIDE, SA, AUSTRALIA. <strong>OSAVUL Nebula, Janus, Echo<\/strong> are registered trademarks of OSAVUL Kyiv, Ukraine, LLC MIA TECHNOLOGIES \/ Antwerp, Belgium. Errors excepted.[\/et_pb_text][et_pb_divider color=&#8221;rgba(0,0,0,0.5)&#8221; disabled_on=&#8221;on|on|off&#8221; _builder_version=&#8221;4.16&#8243; height=&#8221;2px&#8221; hide_on_mobile=&#8221;on&#8221; global_colors_info=&#8221;{}&#8221;]&nbsp;<br \/>\n[\/et_pb_divider][\/et_pb_column][\/et_pb_row][\/et_pb_section][et_pb_section fb_built=&#8221;1&#8243; _builder_version=&#8221;4.16&#8243; global_colors_info=&#8221;{}&#8221;][et_pb_row _builder_version=&#8221;4.16&#8243; background_size=&#8221;initial&#8221; background_position=&#8221;top_left&#8221; background_repeat=&#8221;repeat&#8221; global_colors_info=&#8221;{}&#8221;][et_pb_column type=&#8221;4_4&#8243; _builder_version=&#8221;4.16&#8243; custom_padding=&#8221;|||&#8221; global_colors_info=&#8221;{}&#8221; custom_padding__hover=&#8221;|||&#8221;][et_pb_text admin_label=&#8221;Haftungsauschluss&#8221; _builder_version=&#8221;4.16&#8243; background_size=&#8221;initial&#8221; background_position=&#8221;top_left&#8221; background_repeat=&#8221;repeat&#8221; use_border_color=&#8221;off&#8221; global_colors_info=&#8221;{}&#8221;]<\/p>\n<h1>DISCLAIMER<\/h1>\n<h3><\/h3>\n<h3>Content of the online offer<\/h3>\n<p>The author assumes no responsibility for the topicality, correctness, completeness or quality of the information provided. Liability claims against the author, which refer to material or immaterial nature caused by use or disuse of the information or the use of incorrect or incomplete information are excluded, unless the author is not intentional or grossly negligent fault. All offers are subject to change and non-binding. The author expressly reserves the right to change, supplement or delete parts of the pages or the entire offer without prior notice or to cease publication temporarily or permanently.<\/p>\n<h3>References and links<\/h3>\n<p>The author is not responsible for any contents linked or referred to from his pages &#8211; unless he has full knowledge of illegal contents and would be able to prevent the visitors of his site fromviewing those pages.<\/p>\n<p>The author hereby expressly declares that at the time the links were created, no illegal content was identifiable on the linked pages. The author has no influence on the current and future design, content or authorship of the linked pages. Therefore, he hereby expressly dissociates himself from all contents of all linked pages that were changed after the link was set. This statement applies to all links and references set within the own Internet offer as well as to external entries in guest books, discussion forums, link directories, mailing lists set up by the author and in all other forms of databases to whose content external write access is possible. For illegal, incorrect or incomplete contents and especially for damages resulting from the use or non-use of such information, only the provider of the linked page is liable, not the one who has linked to the respective publication.<\/p>\n<h3>Copyright and labeling law<\/h3>\n<p>The author endeavors to observe the copyrights of the images, graphics, sound documents, video sequences and texts used in all publications, to use images, graphics, sound documents, video sequences and texts created by himself or to use license-free graphics, sound documents, video sequences and texts.<\/p>\n<p>All brands and trademarks mentioned within the Internet offer and possibly protected by third parties are subject without limitation to the provisions of the applicable trademark law and the ownership rights of the copyright owner. The mere mention of a trademark does not imply that it is not protected by the rights of third parties!<\/p>\n<p>The copyright for published objects created by the author himself remains solely with the author of the pages. Any duplication or use of objects such as diagrams, sounds or texts in other electronic or printed publications is not permitted without the author&#8217;s agreement.<\/p>\n<h3>Privacy policy<\/h3>\n<p>If the opportunity for the input of personal or business data (email addresses, name, addresses) is given, the input of these data takes place voluntarily. The use and payment of all offered services are permitted &#8211; if and so far technically possible and reasonable &#8211; without specification of any personal data or under specification of anonymized data or an alias. The use of published postal addresses, telephone or fax numbers and email addresses for marketing purposes is prohibited, offenders sending unwanted spam messages will be punished. We expressly reserve the right to take legal action against the senders of so-called spam mails in the event of violations of this prohibition.<\/p>\n<h3>Legal validity of this disclaimer<\/h3>\n<p>This disclaimer is to be regarded as part of the internet publication which you were referred from. If sections or individual terms of this statement are not legal or correct, the content or validity of the other parts remain uninfluenced by this fact.<br \/>\n[\/et_pb_text][et_pb_divider show_divider=&#8221;off&#8221; disabled_on=&#8221;on|on|off&#8221; _builder_version=&#8221;4.16&#8243; height=&#8221;2px&#8221; hide_on_mobile=&#8221;on&#8221; global_colors_info=&#8221;{}&#8221;]&nbsp;<br \/>\n[\/et_pb_divider][et_pb_button button_url=&#8221;https:\/\/radiosphere.de\/en\/privacy-policy\/&#8221; button_text=&#8221;To the privacy policy&#8221; admin_label=&#8221;Taste zum Datenschutz&#8221; _builder_version=&#8221;4.16&#8243; global_colors_info=&#8221;{}&#8221; button_text_size__hover_enabled=&#8221;off&#8221; button_one_text_size__hover_enabled=&#8221;off&#8221; button_two_text_size__hover_enabled=&#8221;off&#8221; button_text_color__hover_enabled=&#8221;off&#8221; button_one_text_color__hover_enabled=&#8221;off&#8221; button_two_text_color__hover_enabled=&#8221;off&#8221; button_border_width__hover_enabled=&#8221;off&#8221; button_one_border_width__hover_enabled=&#8221;off&#8221; button_two_border_width__hover_enabled=&#8221;off&#8221; button_border_color__hover_enabled=&#8221;off&#8221; button_one_border_color__hover_enabled=&#8221;off&#8221; button_two_border_color__hover_enabled=&#8221;off&#8221; button_border_radius__hover_enabled=&#8221;off&#8221; button_one_border_radius__hover_enabled=&#8221;off&#8221; button_two_border_radius__hover_enabled=&#8221;off&#8221; button_letter_spacing__hover_enabled=&#8221;off&#8221; button_one_letter_spacing__hover_enabled=&#8221;off&#8221; button_two_letter_spacing__hover_enabled=&#8221;off&#8221; button_bg_color__hover_enabled=&#8221;off&#8221; button_one_bg_color__hover_enabled=&#8221;off&#8221; button_two_bg_color__hover_enabled=&#8221;off&#8221;][\/et_pb_button][\/et_pb_column][\/et_pb_row][\/et_pb_section]<\/p>\n","protected":false},"excerpt":{"rendered":"<p>Provider information RADiOSPHERE GmbH Eisenbahnstra\u00dfe 59 73265 Dettingen unter Teck Germany Legal information Managing Director: Dipl. Wirt.-Ing. Susanne K\u00f6hler USt.ID.nr. according to \u00a7 27a Umsatzsteuergesetz: DE285686454 Register court: Stuttgart Local Court Register number: HRB 742788 International Company Register: DUNS 342725903 Legal Entity Identifier (LEI): 391200RP3HYRCTPINW80 Responsible for content according to TMG: Susanne K\u00f6hler(info@RADIOSPHERE.DE)&nbsp; Contact details [&hellip;]<\/p>\n","protected":false},"author":1,"featured_media":0,"parent":0,"menu_order":0,"comment_status":"closed","ping_status":"closed","template":"","meta":{"_et_pb_use_builder":"on","_et_pb_old_content":"","_et_gb_content_width":"","footnotes":"","_links_to":"","_links_to_target":""},"class_list":["post-37596","page","type-page","status-publish","hentry"],"yoast_head":"<!-- This site is optimized with the Yoast SEO plugin v27.4 - https:\/\/yoast.com\/product\/yoast-seo-wordpress\/ -->\n<title>Imprint - RADiOSPHERE GmbH<\/title>\n<meta name=\"robots\" content=\"index, follow, max-snippet:-1, max-image-preview:large, max-video-preview:-1\" \/>\n<link rel=\"canonical\" href=\"https:\/\/radiosphere.de\/en\/imprint\/\" \/>\n<meta property=\"og:locale\" content=\"en_US\" \/>\n<meta property=\"og:type\" content=\"article\" \/>\n<meta property=\"og:title\" content=\"Imprint - RADiOSPHERE GmbH\" \/>\n<meta property=\"og:description\" content=\"Provider information RADiOSPHERE GmbH Eisenbahnstra\u00dfe 59 73265 Dettingen unter Teck Germany Legal information Managing Director: Dipl. Wirt.-Ing. Susanne K\u00f6hler USt.ID.nr. according to \u00a7 27a Umsatzsteuergesetz: DE285686454 Register court: Stuttgart Local Court Register number: HRB 742788 International Company Register: DUNS 342725903 Legal Entity Identifier (LEI): 391200RP3HYRCTPINW80 Responsible for content according to TMG: Susanne K\u00f6hler(info@RADIOSPHERE.DE)&nbsp; Contact details [&hellip;]\" \/>\n<meta property=\"og:url\" content=\"https:\/\/radiosphere.de\/en\/imprint\/\" \/>\n<meta property=\"og:site_name\" content=\"RADiOSPHERE GmbH\" \/>\n<meta property=\"article:publisher\" content=\"https:\/\/www.facebook.com\/radiosphere.de\" \/>\n<meta property=\"article:modified_time\" content=\"2026-01-12T15:21:00+00:00\" \/>\n<meta property=\"og:image\" content=\"https:\/\/radiosphere.de\/wp-content\/uploads\/2020\/03\/Radiosphere_Radar.png\" \/>\n\t<meta property=\"og:image:width\" content=\"500\" \/>\n\t<meta property=\"og:image:height\" content=\"500\" \/>\n\t<meta property=\"og:image:type\" content=\"image\/png\" \/>\n<meta name=\"twitter:card\" content=\"summary_large_image\" \/>\n<meta name=\"twitter:site\" content=\"@RADIOSPHERE_DE\" \/>\n<meta name=\"twitter:label1\" content=\"Est. reading time\" \/>\n\t<meta name=\"twitter:data1\" content=\"7 minutes\" \/>\n<script type=\"application\/ld+json\" class=\"yoast-schema-graph\">{\"@context\":\"https:\\\/\\\/schema.org\",\"@graph\":[{\"@type\":\"WebPage\",\"@id\":\"https:\\\/\\\/radiosphere.de\\\/en\\\/imprint\\\/\",\"url\":\"https:\\\/\\\/radiosphere.de\\\/en\\\/imprint\\\/\",\"name\":\"Imprint - RADiOSPHERE GmbH\",\"isPartOf\":{\"@id\":\"https:\\\/\\\/radiosphere.de\\\/en\\\/#website\"},\"datePublished\":\"2016-09-12T14:20:22+00:00\",\"dateModified\":\"2026-01-12T15:21:00+00:00\",\"breadcrumb\":{\"@id\":\"https:\\\/\\\/radiosphere.de\\\/en\\\/imprint\\\/#breadcrumb\"},\"inLanguage\":\"en-US\",\"potentialAction\":[{\"@type\":\"ReadAction\",\"target\":[\"https:\\\/\\\/radiosphere.de\\\/en\\\/imprint\\\/\"]}]},{\"@type\":\"BreadcrumbList\",\"@id\":\"https:\\\/\\\/radiosphere.de\\\/en\\\/imprint\\\/#breadcrumb\",\"itemListElement\":[{\"@type\":\"ListItem\",\"position\":1,\"name\":\"Startseite\",\"item\":\"https:\\\/\\\/radiosphere.de\\\/en\\\/\"},{\"@type\":\"ListItem\",\"position\":2,\"name\":\"Imprint\"}]},{\"@type\":\"WebSite\",\"@id\":\"https:\\\/\\\/radiosphere.de\\\/en\\\/#website\",\"url\":\"https:\\\/\\\/radiosphere.de\\\/en\\\/\",\"name\":\"RADiOSPHERE GmbH\",\"description\":\"OSINT Media Intelligence Services\",\"publisher\":{\"@id\":\"https:\\\/\\\/radiosphere.de\\\/en\\\/#organization\"},\"potentialAction\":[{\"@type\":\"SearchAction\",\"target\":{\"@type\":\"EntryPoint\",\"urlTemplate\":\"https:\\\/\\\/radiosphere.de\\\/en\\\/?s={search_term_string}\"},\"query-input\":{\"@type\":\"PropertyValueSpecification\",\"valueRequired\":true,\"valueName\":\"search_term_string\"}}],\"inLanguage\":\"en-US\"},{\"@type\":\"Organization\",\"@id\":\"https:\\\/\\\/radiosphere.de\\\/en\\\/#organization\",\"name\":\"RADIOSPHERE GmbH\",\"url\":\"https:\\\/\\\/radiosphere.de\\\/en\\\/\",\"logo\":{\"@type\":\"ImageObject\",\"inLanguage\":\"en-US\",\"@id\":\"https:\\\/\\\/radiosphere.de\\\/en\\\/#\\\/schema\\\/logo\\\/image\\\/\",\"url\":\"https:\\\/\\\/i1.wp.com\\\/radiosphere.de\\\/wp-content\\\/uploads\\\/2020\\\/03\\\/Radiosphere_Logo_2C_petrol.png?fit=800%2C160&ssl=1\",\"contentUrl\":\"https:\\\/\\\/i1.wp.com\\\/radiosphere.de\\\/wp-content\\\/uploads\\\/2020\\\/03\\\/Radiosphere_Logo_2C_petrol.png?fit=800%2C160&ssl=1\",\"width\":800,\"height\":160,\"caption\":\"RADIOSPHERE GmbH\"},\"image\":{\"@id\":\"https:\\\/\\\/radiosphere.de\\\/en\\\/#\\\/schema\\\/logo\\\/image\\\/\"},\"sameAs\":[\"https:\\\/\\\/www.facebook.com\\\/radiosphere.de\",\"https:\\\/\\\/x.com\\\/RADIOSPHERE_DE\",\"https:\\\/\\\/www.instagram.com\\\/radiosphere.de\\\/\",\"https:\\\/\\\/www.linkedin.com\\\/company\\\/radiosphere-gmbh\"]}]}<\/script>\n<!-- \/ Yoast SEO plugin. -->","yoast_head_json":{"title":"Imprint - RADiOSPHERE GmbH","robots":{"index":"index","follow":"follow","max-snippet":"max-snippet:-1","max-image-preview":"max-image-preview:large","max-video-preview":"max-video-preview:-1"},"canonical":"https:\/\/radiosphere.de\/en\/imprint\/","og_locale":"en_US","og_type":"article","og_title":"Imprint - RADiOSPHERE GmbH","og_description":"Provider information RADiOSPHERE GmbH Eisenbahnstra\u00dfe 59 73265 Dettingen unter Teck Germany Legal information Managing Director: Dipl. Wirt.-Ing. Susanne K\u00f6hler USt.ID.nr. according to \u00a7 27a Umsatzsteuergesetz: DE285686454 Register court: Stuttgart Local Court Register number: HRB 742788 International Company Register: DUNS 342725903 Legal Entity Identifier (LEI): 391200RP3HYRCTPINW80 Responsible for content according to TMG: Susanne K\u00f6hler(info@RADIOSPHERE.DE)&nbsp; Contact details [&hellip;]","og_url":"https:\/\/radiosphere.de\/en\/imprint\/","og_site_name":"RADiOSPHERE GmbH","article_publisher":"https:\/\/www.facebook.com\/radiosphere.de","article_modified_time":"2026-01-12T15:21:00+00:00","og_image":[{"width":500,"height":500,"url":"https:\/\/radiosphere.de\/wp-content\/uploads\/2020\/03\/Radiosphere_Radar.png","type":"image\/png"}],"twitter_card":"summary_large_image","twitter_site":"@RADIOSPHERE_DE","twitter_misc":{"Est. reading time":"7 minutes"},"schema":{"@context":"https:\/\/schema.org","@graph":[{"@type":"WebPage","@id":"https:\/\/radiosphere.de\/en\/imprint\/","url":"https:\/\/radiosphere.de\/en\/imprint\/","name":"Imprint - RADiOSPHERE GmbH","isPartOf":{"@id":"https:\/\/radiosphere.de\/en\/#website"},"datePublished":"2016-09-12T14:20:22+00:00","dateModified":"2026-01-12T15:21:00+00:00","breadcrumb":{"@id":"https:\/\/radiosphere.de\/en\/imprint\/#breadcrumb"},"inLanguage":"en-US","potentialAction":[{"@type":"ReadAction","target":["https:\/\/radiosphere.de\/en\/imprint\/"]}]},{"@type":"BreadcrumbList","@id":"https:\/\/radiosphere.de\/en\/imprint\/#breadcrumb","itemListElement":[{"@type":"ListItem","position":1,"name":"Startseite","item":"https:\/\/radiosphere.de\/en\/"},{"@type":"ListItem","position":2,"name":"Imprint"}]},{"@type":"WebSite","@id":"https:\/\/radiosphere.de\/en\/#website","url":"https:\/\/radiosphere.de\/en\/","name":"RADiOSPHERE GmbH","description":"OSINT Media Intelligence Services","publisher":{"@id":"https:\/\/radiosphere.de\/en\/#organization"},"potentialAction":[{"@type":"SearchAction","target":{"@type":"EntryPoint","urlTemplate":"https:\/\/radiosphere.de\/en\/?s={search_term_string}"},"query-input":{"@type":"PropertyValueSpecification","valueRequired":true,"valueName":"search_term_string"}}],"inLanguage":"en-US"},{"@type":"Organization","@id":"https:\/\/radiosphere.de\/en\/#organization","name":"RADIOSPHERE GmbH","url":"https:\/\/radiosphere.de\/en\/","logo":{"@type":"ImageObject","inLanguage":"en-US","@id":"https:\/\/radiosphere.de\/en\/#\/schema\/logo\/image\/","url":"https:\/\/i1.wp.com\/radiosphere.de\/wp-content\/uploads\/2020\/03\/Radiosphere_Logo_2C_petrol.png?fit=800%2C160&ssl=1","contentUrl":"https:\/\/i1.wp.com\/radiosphere.de\/wp-content\/uploads\/2020\/03\/Radiosphere_Logo_2C_petrol.png?fit=800%2C160&ssl=1","width":800,"height":160,"caption":"RADIOSPHERE GmbH"},"image":{"@id":"https:\/\/radiosphere.de\/en\/#\/schema\/logo\/image\/"},"sameAs":["https:\/\/www.facebook.com\/radiosphere.de","https:\/\/x.com\/RADIOSPHERE_DE","https:\/\/www.instagram.com\/radiosphere.de\/","https:\/\/www.linkedin.com\/company\/radiosphere-gmbh"]}]}},"_links":{"self":[{"href":"https:\/\/radiosphere.de\/en\/wp-json\/wp\/v2\/pages\/37596","targetHints":{"allow":["GET"]}}],"collection":[{"href":"https:\/\/radiosphere.de\/en\/wp-json\/wp\/v2\/pages"}],"about":[{"href":"https:\/\/radiosphere.de\/en\/wp-json\/wp\/v2\/types\/page"}],"author":[{"embeddable":true,"href":"https:\/\/radiosphere.de\/en\/wp-json\/wp\/v2\/users\/1"}],"replies":[{"embeddable":true,"href":"https:\/\/radiosphere.de\/en\/wp-json\/wp\/v2\/comments?post=37596"}],"version-history":[{"count":14,"href":"https:\/\/radiosphere.de\/en\/wp-json\/wp\/v2\/pages\/37596\/revisions"}],"predecessor-version":[{"id":39724,"href":"https:\/\/radiosphere.de\/en\/wp-json\/wp\/v2\/pages\/37596\/revisions\/39724"}],"wp:attachment":[{"href":"https:\/\/radiosphere.de\/en\/wp-json\/wp\/v2\/media?parent=37596"}],"curies":[{"name":"wp","href":"https:\/\/api.w.org\/{rel}","templated":true}]}}